{"id":779,"date":"2025-06-09T13:44:09","date_gmt":"2025-06-09T12:44:09","guid":{"rendered":"https:\/\/searagolf.com\/?page_id=779"},"modified":"2025-06-18T09:12:42","modified_gmt":"2025-06-18T08:12:42","slug":"politica-de-cookies","status":"publish","type":"page","link":"https:\/\/searagolf.com\/en\/politica-de-cookies\/","title":{"rendered":"Pol\u00edtica de cookies"},"content":{"rendered":"<p>En searagolf.com utilizamos cookies propias y de terceros con fines t\u00e9cnicos, anal\u00edticos y de personalizaci\u00f3n de contenidos.<\/p>\n\n\n\n<p>Una cookie es un peque\u00f1o archivo de informaci\u00f3n que se guarda en tu navegador al visitar nuestra web. Las cookies permiten que la p\u00e1gina funcione correctamente, recuerdan tus preferencias o analizan el uso que haces de ella.<\/p>\n\n\n\n<h4 class=\"wp-block-heading\">Tipos de cookies utilizadas<\/h4>\n\n\n\n<ul class=\"wp-block-list\">\n<li><strong>Cookies t\u00e9cnicas<\/strong>: necesarias para el funcionamiento b\u00e1sico del sitio.<\/li>\n\n\n\n<li><strong>Cookies de an\u00e1lisis<\/strong>: nos permiten entender c\u00f3mo interact\u00faan los usuarios con nuestra web (por ejemplo, mediante Google Analytics).<\/li>\n\n\n\n<li><strong>Cookies publicitarias<\/strong>: permiten mostrar publicidad personalizada (por ejemplo, mediante el pixel de Meta).<\/li>\n<\/ul>\n\n\n\n<h4 class=\"wp-block-heading\">C\u00f3mo gestionar las cookies<\/h4>\n\n\n\n<p>Puedes aceptar, rechazar o configurar el uso de cookies a trav\u00e9s del banner emergente al acceder a nuestra web.<\/p>\n\n\n\n<p>Tambi\u00e9n puedes eliminarlas o bloquearlas desde la configuraci\u00f3n de tu navegador:<\/p>\n\n\n\n<ul class=\"wp-block-list\">\n<li>Chrome: <a href=\"https:\/\/support.google.com\/chrome\/answer\/95647\">https:\/\/support.google.com\/chrome\/answer\/95647<\/a><\/li>\n\n\n\n<li>Firefox: <a href=\"https:\/\/support.mozilla.org\/es\/kb\/habilitar-y-deshabilitar-cookies-sitios-web\">https:\/\/support.mozilla.org\/es\/kb\/habilitar-y-deshabilitar-cookies-sitios-web<\/a><\/li>\n\n\n\n<li>Safari: <a href=\"https:\/\/support.apple.com\/es-es\/guide\/safari\/sfri11471\/mac\">https:\/\/support.apple.com\/es-es\/guide\/safari\/sfri11471\/mac<\/a><\/li>\n<\/ul>\n\n\n\n<p>Si deseas m\u00e1s informaci\u00f3n, puedes contactar con nosotros en: <strong>info@searagolf.com<\/strong><\/p>\n\n\n\n<p>\u00daltima actualizaci\u00f3n: 9 de Junio de 2025<\/p>\n\n\n\n<hr class=\"wp-block-separator has-alpha-channel-opacity\"\/>","protected":false},"excerpt":{"rendered":"<p>En searagolf.com utilizamos cookies propias y de terceros con fines t\u00e9cnicos, anal\u00edticos y de personalizaci\u00f3n de contenidos. Una cookie es [&hellip;]<\/p>\n","protected":false},"author":1,"featured_media":0,"parent":0,"menu_order":0,"comment_status":"closed","ping_status":"closed","template":"","meta":{"_coblocks_attr":"","_coblocks_dimensions":"","_coblocks_responsive_height":"","_coblocks_accordion_ie_support":"","_monsterinsights_skip_tracking":false,"_monsterinsights_sitenote_active":false,"_monsterinsights_sitenote_note":"","_monsterinsights_sitenote_category":0,"site-sidebar-layout":"default","site-content-layout":"","ast-site-content-layout":"default","site-content-style":"default","site-sidebar-style":"default","ast-global-header-display":"","ast-banner-title-visibility":"","ast-main-header-display":"","ast-hfb-above-header-display":"","ast-hfb-below-header-display":"","ast-hfb-mobile-header-display":"","site-post-title":"","ast-breadcrumbs-content":"","ast-featured-img":"","footer-sml-layout":"","ast-disable-related-posts":"","theme-transparent-header-meta":"","adv-header-id-meta":"","stick-header-meta":"","header-above-stick-meta":"","header-main-stick-meta":"","header-below-stick-meta":"","astra-migrate-meta-layouts":"default","ast-page-background-enabled":"default","ast-page-background-meta":{"desktop":{"background-color":"var(--ast-global-color-4)","background-image":"","background-repeat":"repeat","background-position":"center center","background-size":"auto","background-attachment":"scroll","background-type":"","background-media":"","overlay-type":"","overlay-color":"","overlay-opacity":"","overlay-gradient":""},"tablet":{"background-color":"","background-image":"","background-repeat":"repeat","background-position":"center center","background-size":"auto","background-attachment":"scroll","background-type":"","background-media":"","overlay-type":"","overlay-color":"","overlay-opacity":"","overlay-gradient":""},"mobile":{"background-color":"","background-image":"","background-repeat":"repeat","background-position":"center center","background-size":"auto","background-attachment":"scroll","background-type":"","background-media":"","overlay-type":"","overlay-color":"","overlay-opacity":"","overlay-gradient":""}},"ast-content-background-meta":{"desktop":{"background-color":"var(--ast-global-color-5)","background-image":"","background-repeat":"repeat","background-position":"center center","background-size":"auto","background-attachment":"scroll","background-type":"","background-media":"","overlay-type":"","overlay-color":"","overlay-opacity":"","overlay-gradient":""},"tablet":{"background-color":"var(--ast-global-color-5)","background-image":"","background-repeat":"repeat","background-position":"center center","background-size":"auto","background-attachment":"scroll","background-type":"","background-media":"","overlay-type":"","overlay-color":"","overlay-opacity":"","overlay-gradient":""},"mobile":{"background-color":"var(--ast-global-color-5)","background-image":"","background-repeat":"repeat","background-position":"center center","background-size":"auto","background-attachment":"scroll","background-type":"","background-media":"","overlay-type":"","overlay-color":"","overlay-opacity":"","overlay-gradient":""}},"footnotes":""},"class_list":["post-779","page","type-page","status-publish","hentry"],"aioseo_notices":[],"jetpack_sharing_enabled":true,"_links":{"self":[{"href":"https:\/\/searagolf.com\/en\/wp-json\/wp\/v2\/pages\/779","targetHints":{"allow":["GET"]}}],"collection":[{"href":"https:\/\/searagolf.com\/en\/wp-json\/wp\/v2\/pages"}],"about":[{"href":"https:\/\/searagolf.com\/en\/wp-json\/wp\/v2\/types\/page"}],"author":[{"embeddable":true,"href":"https:\/\/searagolf.com\/en\/wp-json\/wp\/v2\/users\/1"}],"replies":[{"embeddable":true,"href":"https:\/\/searagolf.com\/en\/wp-json\/wp\/v2\/comments?post=779"}],"version-history":[{"count":2,"href":"https:\/\/searagolf.com\/en\/wp-json\/wp\/v2\/pages\/779\/revisions"}],"predecessor-version":[{"id":949,"href":"https:\/\/searagolf.com\/en\/wp-json\/wp\/v2\/pages\/779\/revisions\/949"}],"wp:attachment":[{"href":"https:\/\/searagolf.com\/en\/wp-json\/wp\/v2\/media?parent=779"}],"curies":[{"name":"wp","href":"https:\/\/api.w.org\/{rel}","templated":true}]}}